{"id":161,"date":"2023-11-05T15:16:55","date_gmt":"2023-11-05T15:16:55","guid":{"rendered":"https:\/\/wirtshaus-scharfes-eck.de\/?page_id=161"},"modified":"2024-09-01T06:55:32","modified_gmt":"2024-09-01T06:55:32","slug":"jobs","status":"publish","type":"page","link":"https:\/\/wirtshaus-scharfes-eck.de\/?page_id=161","title":{"rendered":"Jobs"},"content":{"rendered":"\n<p class=\"has-large-font-size\"><strong>Stelle:<\/strong> Sous Chef, Koch, K\u00f6chin (m\/w\/d)<\/p>\n\n\n\n<p>Wir vom\u00a0<strong>Wirtshaus Scharfes Eck<\/strong>\u00a0suchen nach einem leidenschaftlichen\u00a0<b>Sous Chef (m\/w\/d)  oder einem Koch oder K\u00f6chin <\/b><strong style=\"font-weight: bold;\">(m\/w\/d) <\/strong>in <strong>Vollzeit oder Teilzeit<\/strong>, der\/die uns hilft, unsere G\u00e4ste mit leckeren und frisch zubereiteten Gerichten zu verw\u00f6hnen. Du liebst es, in der K\u00fcche kreativ zu sein, und hast ein echtes Talent f\u00fcr das Kochen? Dann bist du bei uns genau richtig!<\/p>\n\n\n\n<p><strong>Unser Angebot<\/strong><\/p>\n\n\n\n<ul class=\"wp-block-list\">\n<li>Eine Wohlf\u00fchlatmosph\u00e4re in einem bodenst\u00e4ndigen, gut organisierten Team<\/li>\n\n\n\n<li>Faire Bezahlung (Das meinen wir ernst!)<\/li>\n\n\n\n<li>Die M\u00f6glichkeit, deine Ideen und Kreativit\u00e4t in unsere K\u00fcche einzubringen<\/li>\n\n\n\n<li>Weiterbildungsm\u00f6glichkeiten, um deine F\u00e4higkeiten zu erweitern und deine Karriere voranzutreiben<\/li>\n<\/ul>\n\n\n\n<p><strong>Deine Aufgaben<\/strong><\/p>\n\n\n\n<ul class=\"wp-block-list\">\n<li> Zubereitung von k\u00f6stlichen Mahlzeiten<\/li>\n\n\n\n<li>Qualit\u00e4tskontrolle und frische Zubereitung der Speisen<\/li>\n\n\n\n<li>Enge Zusammenarbeit mit unserem K\u00fcchenchef und Vertretung sollte er nicht im Haus sein. <\/li>\n\n\n\n<li>Kreatives Mitwirken bei der Gestaltung unserer saisonalen Men\u00fcs<\/li>\n<\/ul>\n\n\n\n<p><strong>Dein Profil<\/strong><\/p>\n\n\n\n<ul class=\"wp-block-list\">\n<li>Eine abgeschlossene Berufsausbildung, Erfahrung im Gastronomiebereich<\/li>\n\n\n\n<li>Leidenschaft f\u00fcrs Kochen und Spa\u00df an der Arbeit im Team<\/li>\n\n\n\n<li>Selbstst\u00e4ndige, strukturierte Arbeitsweise und Zuverl\u00e4ssigkeit<\/li>\n\n\n\n<li>Auge f\u00fcr&#8217;s Detail und Kreativit\u00e4t bei der Zubereitung von Gerichten<\/li>\n<\/ul>\n\n\n\n<p>Wenn Du Leidenschaft f\u00fcr deinen Beruf mitbringst sind das die besten Vorraussetzungen um bei uns deiner Kreativit\u00e4t freien Lauf zu lassen. Bewirb dich jetzt unkompliziert ohne Anschreiben. Schreibe uns einfach eine Email an info@wirtshaus-scharfes-eck.de oder komme direkt vorbei.<\/p>\n\n\n\n<p class=\"has-large-font-size\"><strong>Stelle:<\/strong> Beikoch\/Beik\u00f6chin\/K\u00fcchenhilfe (m\/w\/d)<\/p>\n\n\n\n<p>Wir vom&nbsp;<strong>Wirtshaus Scharfes Eck<\/strong>&nbsp;suchen nach einem leidenschaftlichen&nbsp;<b>Beikoch\/Beik\u00f6chin (m\/w\/d)  oder K\u00fcchenhilfe <\/b><strong style=\"font-weight: bold;\">(m\/w\/d) <\/strong>in <strong>Vollzeit oder Teilzeit<\/strong>, der\/die uns hilft, unsere G\u00e4ste mit leckeren und frisch zubereiteten Gerichten zu verw\u00f6hnen. Du liebst es, in der K\u00fcche kreativ zu sein, und hast ein echtes Talent f\u00fcr das Kochen? Dann bist du bei uns genau richtig!<\/p>\n\n\n\n<p><strong>Unser Angebot<\/strong><\/p>\n\n\n\n<ul class=\"wp-block-list\">\n<li>Eine Wohlf\u00fchlatmosph\u00e4re in einem bodenst\u00e4ndigen, gut organisierten Team<\/li>\n\n\n\n<li>Faire Bezahlung (Das meinen wir ernst!)<\/li>\n\n\n\n<li>Die M\u00f6glichkeit, deine Ideen und Kreativit\u00e4t in unsere K\u00fcche einzubringen<\/li>\n\n\n\n<li>Weiterbildungsm\u00f6glichkeiten, um deine F\u00e4higkeiten zu erweitern und deine Karriere voranzutreiben<\/li>\n<\/ul>\n\n\n\n<p><strong>Deine Aufgaben<\/strong><\/p>\n\n\n\n<ul class=\"wp-block-list\">\n<li> Zubereitung von k\u00f6stlichen Mahlzeiten<\/li>\n\n\n\n<li>Qualit\u00e4tskontrolle und frische Zubereitung der Speisen<\/li>\n\n\n\n<li>Reinigung und Instandhaltung der K\u00fcchenutensilien und des Arbeitsbereichs, um die Hygienevorschriften einzuhalten<\/li>\n\n\n\n<li>Kreatives Mitwirken bei der Gestaltung unserer saisonalen Men\u00fcs<\/li>\n<\/ul>\n\n\n\n<p><strong>Dein Profil<\/strong><\/p>\n\n\n\n<ul class=\"wp-block-list\">\n<li>Eine abgeschlossene Berufsausbildung als Beikoch\/Beik\u00f6chin, Erfahrung im Gastronomiebereich als K\u00fcchenhilfe oder eine vergleichbare Qualifikation<\/li>\n\n\n\n<li>Leidenschaft f\u00fcrs Kochen und Spa\u00df an der Arbeit im Team<\/li>\n\n\n\n<li>Selbstst\u00e4ndige, strukturierte Arbeitsweise und Zuverl\u00e4ssigkeit<\/li>\n\n\n\n<li>Auge f\u00fcr&#8217;s Detail und Kreativit\u00e4t bei der Zubereitung von Gerichten<\/li>\n<\/ul>\n\n\n\n<p>Egal, ob du gerade deine Ausbildung abgeschlossen hast oder schon eine Weile in der K\u00fcche stehst &#8211; bei uns hast du die Chance, deine Liebe zum Kochen voll auszuleben und Teil unseres tollen Teams zu werden. Bewirb dich jetzt unkompliziert ohne Anschreiben. Schreibe uns einfach eine Email an info@wirtshaus-scharfes-eck.de oder komme direkt vorbei.<\/p>\n","protected":false},"excerpt":{"rendered":"<p>Stelle: Sous Chef, Koch, K\u00f6chin (m\/w\/d) Wir vom\u00a0Wirtshaus Scharfes Eck\u00a0suchen nach einem leidenschaftlichen\u00a0Sous Chef (m\/w\/d) oder einem Koch oder K\u00f6chin (m\/w\/d) in Vollzeit oder Teilzeit, der\/die uns hilft, unsere G\u00e4ste [&hellip;]<\/p>\n","protected":false},"author":1,"featured_media":0,"parent":0,"menu_order":0,"comment_status":"closed","ping_status":"closed","template":"","meta":{"footnotes":""},"class_list":["post-161","page","type-page","status-publish","czr-hentry"],"_links":{"self":[{"href":"https:\/\/wirtshaus-scharfes-eck.de\/index.php?rest_route=\/wp\/v2\/pages\/161","targetHints":{"allow":["GET"]}}],"collection":[{"href":"https:\/\/wirtshaus-scharfes-eck.de\/index.php?rest_route=\/wp\/v2\/pages"}],"about":[{"href":"https:\/\/wirtshaus-scharfes-eck.de\/index.php?rest_route=\/wp\/v2\/types\/page"}],"author":[{"embeddable":true,"href":"https:\/\/wirtshaus-scharfes-eck.de\/index.php?rest_route=\/wp\/v2\/users\/1"}],"replies":[{"embeddable":true,"href":"https:\/\/wirtshaus-scharfes-eck.de\/index.php?rest_route=%2Fwp%2Fv2%2Fcomments&post=161"}],"version-history":[{"count":7,"href":"https:\/\/wirtshaus-scharfes-eck.de\/index.php?rest_route=\/wp\/v2\/pages\/161\/revisions"}],"predecessor-version":[{"id":217,"href":"https:\/\/wirtshaus-scharfes-eck.de\/index.php?rest_route=\/wp\/v2\/pages\/161\/revisions\/217"}],"wp:attachment":[{"href":"https:\/\/wirtshaus-scharfes-eck.de\/index.php?rest_route=%2Fwp%2Fv2%2Fmedia&parent=161"}],"curies":[{"name":"wp","href":"https:\/\/api.w.org\/{rel}","templated":true}]}}